{"id":1365,"date":"2024-05-08T20:52:59","date_gmt":"2024-05-08T20:52:59","guid":{"rendered":"https:\/\/amelisima.cz\/?page_id=1365"},"modified":"2025-11-23T16:42:44","modified_gmt":"2025-11-23T16:42:44","slug":"mesmerize","status":"publish","type":"page","link":"https:\/\/amelisima.cz\/","title":{"rendered":"Front Page"},"content":{"rendered":"<div  id=\"overlappable-4\" style=\"background-color: #ffffff;\" data-label=\"Overlappable\" data-id=\"overlappable-4\" data-export-id=\"overlappable-4\" data-category=\"overlappable\" class=\"overlappable-4 content-section content-section-spacing\" data-overlap=\"true\"><div  class=\"gridContainer\"> <div  data-type=\"row\" class=\"row spaced-cols text-center\"><div  class=\"col-xs-12 col-sm-4 col-padding\"> <i  class=\"fa icon shadow-large-black aligncenter color1 fa-info bordered round big\"><\/i> <div  data-type=\"column\" class=\"\"> <h5  class=\"\">O N\u00c1S<\/h5><p  class=\"\">Chovu rhod\u00e9sk\u00fdch ridgeback\u016f se v\u011bnujeme p\u0159es 12 let<\/p> <\/div> <\/div> <div  class=\"col-xs-12 col-sm-4 col-padding\"> <a  data-cp-link=\"1\" href=\"https:\/\/amelisima.cz?page_id=1076\" target=\"_self\" rel=\"noopener\"><i  class=\"fa icon shadow-large-black aligncenter color1 fa-paw bordered round big\"><\/i><\/a> <div  data-type=\"column\" class=\"\"><h5  class=\"\">NA\u0160E FENY<\/h5> <p  class=\"\">Amelie a Aike<\/p><\/div> <\/div> <div  class=\"col-xs-12 col-sm-4 col-padding\"> <a  data-cp-link=\"1\" href=\"https:\/\/amelisima.cz?page_id=1405\" target=\"_self\" rel=\"noopener\"><i  class=\"fa icon shadow-large-black aligncenter color1 fa-heart-o bordered round big\"><\/i><\/a> <div  data-type=\"column\" class=\"\"><h5  class=\"\">CO N\u00c1S BAV\u00cd<\/h5><p  class=\"\">B\u011bh\u00e1n\u00ed, canicross a proch\u00e1zky v p\u0159\u00edrod\u011b<\/p> <\/div> <\/div><\/div> <\/div><\/div><div  data-label=\"Features\" data-id=\"features--1\" data-export-id=\"features-12\" data-category=\"features\" class=\"features-12 content-section content-section-spacing \" id=\"features-1\" style=\"background-color: rgb(245, 250, 253);\"><div  class=\"gridContainer\"> <div  class=\"row text-center\"><div  class=\"section-title-col\" data-type=\"column\"> <h2  class=\"\">V\u00edtejte na webov\u00fdch str\u00e1nk\u00e1ch na\u0161\u00ed chovatelsk\u00e9 stanice.<\/h2> <p  class=\"lead\">Chovatelsk\u00e1 stanice byla zalo\u017eena v srpnu 2017. Vybrat jm\u00e9no nebylo jednoduch\u00e9, proto jsme se nechali inspirovat jm\u00e9nem na\u0161\u00ed fenky rhod\u00e9sk\u00e9ho ridgebacka \u2013 Ameli\u00ed, d\u00edky kter\u00e9 jsme stanici zakl\u00e1dali.<br ><br ><b >VRH \u201eC\u201c \u0159\u00edjen 2025 \u2013 M\u00c1ME VOLN\u00c1 \u0160T\u011a\u0147\u00c1TKA!<\/b><br ><br >V\u00edce informac\u00ed najdete v NOVINK\u00c1CH nebo v odkazech v menu.<br ><br >WELCOME ON OUR WEBPAGE<br ><br >Kennel was found in the August 2017. It was not easy to pick the name so we were inspired by name of our first lady \u2013 Amelie, because of her we based the kennel.<br ><br ><b >We are planning C-litter for autumn\/winter 2025. Some puppies are looking for their new home.<\/b><br ><br >More information about our kennel you can find in NEWS or under the links of main menu.V\u00edtejte na webov\u00fdch str\u00e1nk\u00e1ch na\u0161\u00ed chovatelsk\u00e9 stanice.<\/p><\/div> <\/div> <div  class=\"row spaced-cols\" data-type=\"row\">    <div  class=\"col-sm-6\"><div  class=\"row space-bottom\"> <div  class=\"col-sm-fit icon-column\" data-preview-empty=\"1\"><\/div> <div  class=\"col-sm\" data-type=\"column\"> <\/div> <\/div><\/div> <div  class=\"col-sm-6\"><div  class=\"row space-bottom\"> <div  class=\"col-sm-fit icon-column\" data-preview-empty=\"1\"><\/div> <div  class=\"col-sm\" data-type=\"column\"> <\/div> <\/div><\/div><\/div><\/div> <\/div><div  id=\"about-1\" style=\"background-color: #f5fafd;\" data-label=\"About\" data-id=\"about-1\" data-export-id=\"about-1\" data-category=\"about\" class=\"about-1 content-section\"><div  class=\"gridContainer\"> <div  class=\"row text-center\"><div  class=\"section-title-col\" data-type=\"column\"> <h5  class=\"\">Rhod\u00e9sk\u00fd ridgeback<\/h5> <h2  class=\"\">Elegantn\u00ed pes.&nbsp;\n<br ><span  href=\"#\" style=\"font-weight: 700; font-family: Playfair Display,sans-serif; font-style: italic;\">Oddan\u00fd p\u0159\u00edtel.\n<\/span>V\u00fdborn\u00fd sportovec.<\/h2> <p  class=\"lead\">Rhod\u00e9sk\u00fd ridgeback je loveck\u00e9 plemeno poch\u00e1zej\u00edc\u00ed z Afriky. V sou\u010dasn\u00e9 dob\u011b se jedn\u00e1 o jedin\u00e9 africk\u00e9 plemeno uznan\u00e9 FCI. M\u011bl by b\u00fdt schopn\u00fd dlouh\u00e9 vytrvalosti a z\u00e1rove\u0148 vysok\u00e9 rychlosti.<\/p><a  class=\"link\" href=\"https:\/\/amelisima.cz?page_id=517\" target=\"_self\" data-cp-link=\"1\" rel=\"noopener\">V\u00edce o plemeni\u2026<\/a><\/div> <\/div> <div  class=\"row\"> <div  class=\"button-holder space-bottom space-bottom-small\" data-type=\"column\"> <\/div> <div  class=\"col-xs bottom-xs flexbox image-group-bottom-3-img space-bottom-xs center-xs\"> <img  decoding=\"async\" class=\"left-img shadow-large-black\" data-size=\"500x300\" src=\"https:\/\/amelisima.cz\/wp-content\/uploads\/2020\/05\/cropped-IMG_3223.jpg\" title=\"cropped-IMG_3223.jpg\" alt=\"\"> <img  decoding=\"async\" class=\"center-img shadow-large-black\" data-size=\"500x300\" src=\"https:\/\/amelisima.cz\/wp-content\/uploads\/2023\/12\/cropped-cropped-IMG_2626-e1704229771134.jpg\" title=\"cropped-IMG_2626.jpg\" alt=\"\"> <img  decoding=\"async\" class=\"right-img shadow-large-black\" data-size=\"500x300\" src=\"https:\/\/amelisima.cz\/wp-content\/uploads\/2017\/08\/cropped-a_web_10.jpg\" title=\"cropped-a_web_10.jpg\" alt=\"\"><\/div> <\/div><\/div> <\/div><div  id=\"latest-news-1\" style=\"background-color: #f5fafd;\" data-label=\"Latest-news\" data-id=\"blog-section\" data-export-id=\"blog-section\" data-category=\"latest_news\" class=\"blog-section blog-section-standard content-section content-section-spacing\"><div  class=\"gridContainer\"> <div  class=\"row\"><div  data-type=\"column\" class=\"section-title-col\"> <h2  class=\"\">NOVINKY<\/h2> <p  class=\"lead\">Tuto \u010d\u00e1st webu brzy dopln\u00edme o nov\u00e9 informace<\/p><\/div> <\/div> <div  class=\"row\"> <div  data-type=\"row\" data-dynamic-columns=\"handled\" data-content-shortcode=\"mesmerize_latest_news\">\t\t<div class=\"row center-sm content-left-sm\">\n\t\t\t\t\t<div id=\"post-1512\" class=\"col-sm-6 col-md-4 space-bottom space-bottom-xs\">\n\t\t\t\t<div class=\"post-content card y-move bordered\">\n\t\t\t\t\t\t\t\t\t\t<div class=\"col-padding col-padding-xs\">\n\t\t\t\t\t\t<h3 class=\"post-title space-bottom-small\">\n\t\t\t\t\t\t\t<a href=\"https:\/\/amelisima.cz\/?p=1512\" rel=\"bookmark\">\n\t\t\t\t\t\t\t\t6. t\u00fdden\t\t\t\t\t\t\t<\/a>\n\t\t\t\t\t\t<\/h3>\n\t\t\t\t\t\t<p>\u0160t\u011b\u0148\u00e1tk\u016fm bylo 6 t\u00fddn\u016f. V\u0161ichni u\u017e \u0159\u00e1d\u00ed venku a hlavn\u011b tam zvl\u00e1dnou vykonat i v\u011bt\u0161inu pot\u0159eby, z \u010deho\u017e m\u00e1me v\u0161ichni radost. Ubyla t\u00edm v\u011bt\u0161ina lou\u017ei\u010dek a hlavn\u011b ukl\u00edzen\u00ed hrom\u00e1dek. Zvl\u00e1dli jsme focen\u00ed (viz fotogalerie nebo album na raj\u010deti). \u0160t\u011b\u0148\u00e1tka za sebou maj\u00ed tak\u00e9 o\u010dkov\u00e1n\u00ed a \u010dipov\u00e1n\u00ed, kter\u00e9 zvl\u00e1dla bravurn\u011b. Jenom p\u00e1r jich trochu zak\u0148ouralo, jinak byli moc state\u010dn\u00ed. Je\u0161t\u011b n\u00e1s \u010dek\u00e1 kontrola vrhu a pak u\u017e se budou moci rozjet do nov\u00fdch domov\u016f. St\u00e1le ale[&hellip;]<\/p>\n\t\t\t\t\t\t<a class=\"read-more link\" href=\"https:\/\/amelisima.cz\/?p=1512\">\n\t\t\t\t\t\t\tRead more\t\t\t\t\t\t<\/a>\n\t\t\t\t\t<\/div>\n\t\t\t\t<\/div>\n\t\t\t<\/div>\n\t\t\t\t\t\t<div id=\"post-1503\" class=\"col-sm-6 col-md-4 space-bottom space-bottom-xs\">\n\t\t\t\t<div class=\"post-content card y-move bordered\">\n\t\t\t\t\t\t\t\t\t\t<div class=\"col-padding col-padding-xs\">\n\t\t\t\t\t\t<h3 class=\"post-title space-bottom-small\">\n\t\t\t\t\t\t\t<a href=\"https:\/\/amelisima.cz\/?p=1503\" rel=\"bookmark\">\n\t\t\t\t\t\t\t\t\u0160t\u011b\u0148\u00e1tka &#8211; 4. t\u00fdden\t\t\t\t\t\t\t<\/a>\n\t\t\t\t\t\t<\/h3>\n\t\t\t\t\t\t<p>\u0160t\u011b\u0148\u00e1tk\u016fm byly 4 t\u00fddny. Z mal\u00fdch v\u00e1le\u010dk\u016f se st\u00e1vaj\u00ed p\u011bkn\u00ed dravci s ostr\u00fdmi zoubky a dr\u00e1pky. O sourozeneck\u00e9 po\u0161\u0165uchov\u00e1n\u00ed nen\u00ed nouze. Z\u00e1rove\u0148 jsou to velc\u00ed mazlov\u00e9, kte\u0159\u00ed si r\u00e1di vlezou na kl\u00edn \ud83d\ude42 P\u0159iv\u00edtali jsme i prvn\u00ed n\u00e1v\u0161t\u011bvy. Krom\u011b kojen\u00ed dost\u00e1vaj\u00ed n\u011bkolikr\u00e1t denn\u011b p\u0159\u00edkrm s masem. Na fotky \u0161t\u011b\u0148\u00e1tek se m\u016f\u017eete pod\u00edvat v galerii nebo v albech na raj\u010deti. St\u00e1le n\u00e1m z\u016fst\u00e1vaj\u00ed n\u011bkter\u00e1 \u0161t\u011b\u0148\u00e1tka voln\u00e1, pokud m\u00e1te o \u0161t\u011b\u0148\u00e1tko z\u00e1jem, ozv\u011bte se n\u00e1m. Nebo se[&hellip;]<\/p>\n\t\t\t\t\t\t<a class=\"read-more link\" href=\"https:\/\/amelisima.cz\/?p=1503\">\n\t\t\t\t\t\t\tRead more\t\t\t\t\t\t<\/a>\n\t\t\t\t\t<\/div>\n\t\t\t\t<\/div>\n\t\t\t<\/div>\n\t\t\t\t\t\t<div id=\"post-1477\" class=\"col-sm-6 col-md-4 space-bottom space-bottom-xs\">\n\t\t\t\t<div class=\"post-content card y-move bordered\">\n\t\t\t\t\t\t\t\t\t\t<div class=\"col-padding col-padding-xs\">\n\t\t\t\t\t\t<h3 class=\"post-title space-bottom-small\">\n\t\t\t\t\t\t\t<a href=\"https:\/\/amelisima.cz\/?p=1477\" rel=\"bookmark\">\n\t\t\t\t\t\t\t\tM\u00e1me \u0161t\u011b\u0148\u00e1tka!\t\t\t\t\t\t\t<\/a>\n\t\t\t\t\t\t<\/h3>\n\t\t\t\t\t\t<p>25. \u0159\u00edjna se u n\u00e1s narodilo 11 kr\u00e1sn\u00fdch \u0161t\u011b\u0148\u00e1tek. M\u00e1me 5 pejsk\u016f a 6 fene\u010dek. Aike i \u0161t\u011b\u0148\u00e1tka jsou v po\u0159\u00e1dku a Aike se o v\u0161echna vzorn\u011b star\u00e1 \ud83d\ude42 N\u011bkter\u00e1 \u0161t\u011b\u0148\u00e1tka je\u0161t\u011b st\u00e1le nev\u00ed, komu na V\u00e1noce ud\u011blaj\u00ed radost.<\/p>\n\t\t\t\t\t\t<a class=\"read-more link\" href=\"https:\/\/amelisima.cz\/?p=1477\">\n\t\t\t\t\t\t\tRead more\t\t\t\t\t\t<\/a>\n\t\t\t\t\t<\/div>\n\t\t\t\t<\/div>\n\t\t\t<\/div>\n\t\t\t\t<\/div>\n\t<\/div><\/div> <div  class=\"row\"><div  class=\"text-center\"> <a  class=\"button color1\" data-attr-shortcode=\"href:mesmerize_blog_link\" href=\"https:\/\/amelisima.cz\/?page_id=1366\">V\u0160ECHNY NOVINKY<\/a><\/div> <\/div><\/div><\/div><div  id=\"contact-1\" data-label=\"Contact\" data-id=\"contact-1\" data-export-id=\"contact-1\" data-category=\"contact\" class=\"contact-1 content-section content-section-spacing white-text\" data-parallax-depth=\"20\" style=\"background-image: url(&quot;https:\/\/amelisima.cz\/wp-content\/uploads\/2017\/09\/a_web_pozadi_2.jpg&quot;); background-size: cover; background-position: center top;\"><div  class=\"gridContainer\"> <div  class=\"row text-center\"><div  class=\"section-title-col\" data-type=\"column\"> <h2  class=\"\">Kontakt<\/h2> <p  class=\"lead\">Jana \u0160\u00edmov\u00e1, Brno (Czech Republic)&nbsp; &nbsp; &nbsp; &nbsp; &nbsp; &nbsp; &nbsp; simova.janca@gmail.com<\/p><a  class=\"link\" href=\"https:\/\/www.facebook.com\/amelie.canisregalis.3\" target=\"_self\" data-cp-link=\"1\" rel=\"noopener\">facebook<\/a><\/div> <\/div> <div  class=\"row text-center\"> <div  class=\"col-xs-12 col-sm-8 col-sm-offset-2 contact-form-wrapper inline-info\"> <div  class=\"card large-padding\"> <div  class=\"\" data-content-shortcode=\"mesmerize_contact_form\" data-editable=\"true\"><p style=\"text-align:center;color:#ababab\">Contact form will be displayed here. To activate it you have to set the \"contact form shortcode\" parameter in Customizer.<\/p><\/div><\/div> <\/div><\/div> <\/div><\/div>","protected":false},"excerpt":{"rendered":"<p>O N\u00c1SChovu rhod\u00e9sk\u00fdch ridgeback\u016f se v\u011bnujeme p\u0159es 12 let NA\u0160E FENY Amelie a Aike CO N\u00c1S BAV\u00cdB\u011bh\u00e1n\u00ed, canicross a proch\u00e1zky v p\u0159\u00edrod\u011b V\u00edtejte na webov\u00fdch str\u00e1nk\u00e1ch na\u0161\u00ed chovatelsk\u00e9 stanice. Chovatelsk\u00e1 stanice byla zalo\u017eena v srpnu 2017. Vybrat jm\u00e9no nebylo jednoduch\u00e9, proto jsme se nechali inspirovat jm\u00e9nem na\u0161\u00ed fenky rhod\u00e9sk\u00e9ho ridgebacka \u2013 Ameli\u00ed, d\u00edky kter\u00e9 jsme stanici zakl\u00e1dali.VRH \u201eC\u201c \u0159\u00edjen 2025 \u2013 M\u00c1ME VOLN\u00c1 \u0160T\u011a\u0147\u00c1TKA!V\u00edce informac\u00ed najdete v NOVINK\u00c1CH nebo v odkazech v menu.WELCOME ON OUR&hellip; <br \/> <a class=\"read-more\" href=\"https:\/\/amelisima.cz\/?p=1477\">V\u00edce<\/a><\/p>\n","protected":false},"author":1,"featured_media":0,"parent":0,"menu_order":0,"comment_status":"closed","ping_status":"closed","template":"page-templates\/homepage.php","meta":{"two_page_speed":[],"footnotes":""},"class_list":["post-1365","page","type-page","status-publish","hentry"],"_links":{"self":[{"href":"https:\/\/amelisima.cz\/index.php?rest_route=\/wp\/v2\/pages\/1365","targetHints":{"allow":["GET"]}}],"collection":[{"href":"https:\/\/amelisima.cz\/index.php?rest_route=\/wp\/v2\/pages"}],"about":[{"href":"https:\/\/amelisima.cz\/index.php?rest_route=\/wp\/v2\/types\/page"}],"author":[{"embeddable":true,"href":"https:\/\/amelisima.cz\/index.php?rest_route=\/wp\/v2\/users\/1"}],"replies":[{"embeddable":true,"href":"https:\/\/amelisima.cz\/index.php?rest_route=%2Fwp%2Fv2%2Fcomments&post=1365"}],"version-history":[{"count":11,"href":"https:\/\/amelisima.cz\/index.php?rest_route=\/wp\/v2\/pages\/1365\/revisions"}],"predecessor-version":[{"id":1507,"href":"https:\/\/amelisima.cz\/index.php?rest_route=\/wp\/v2\/pages\/1365\/revisions\/1507"}],"wp:attachment":[{"href":"https:\/\/amelisima.cz\/index.php?rest_route=%2Fwp%2Fv2%2Fmedia&parent=1365"}],"curies":[{"name":"wp","href":"https:\/\/api.w.org\/{rel}","templated":true}]}}